{"id":340,"date":"2026-02-24T15:06:40","date_gmt":"2026-02-24T15:06:40","guid":{"rendered":"https:\/\/e-fouche.fr\/?page_id=340"},"modified":"2026-02-25T15:19:48","modified_gmt":"2026-02-25T15:19:48","slug":"zr_particulieres","status":"publish","type":"page","link":"https:\/\/e-fouche.fr\/index.php\/zr_particulieres\/","title":{"rendered":"ZR_Particulieres"},"content":{"rendered":"<p>[et_pb_section fb_built=\u00a0\u00bb1&Prime; _builder_version=\u00a0\u00bb4.27.5&Prime; _module_preset=\u00a0\u00bbdefault\u00a0\u00bb background_color=\u00a0\u00bb#000000&Prime; background_enable_image=\u00a0\u00bboff\u00a0\u00bb custom_padding=\u00a0\u00bb0px||0px|||\u00a0\u00bb global_colors_info=\u00a0\u00bb{}\u00a0\u00bb][et_pb_row make_equal=\u00a0\u00bbon\u00a0\u00bb _builder_version=\u00a0\u00bb4.27.5&Prime; _module_preset=\u00a0\u00bbdefault\u00a0\u00bb background_color=\u00a0\u00bbRGBA(255,255,255,0)\u00a0\u00bb width=\u00a0\u00bb100%\u00a0\u00bb max_width=\u00a0\u00bb1105px\u00a0\u00bb module_alignment=\u00a0\u00bbcenter\u00a0\u00bb custom_margin=\u00a0\u00bb|-175px||536px||\u00a0\u00bb custom_padding=\u00a0\u00bb||53px|||\u00a0\u00bb global_colors_info=\u00a0\u00bb{}\u00a0\u00bb][et_pb_column type=\u00a0\u00bb4_4&Prime; _builder_version=\u00a0\u00bb4.27.5&Prime; _module_preset=\u00a0\u00bbdefault\u00a0\u00bb global_colors_info=\u00a0\u00bb{}\u00a0\u00bb][et_pb_heading title=\u00a0\u00bbParticuliers\u00a0\u00bb _builder_version=\u00a0\u00bb4.27.5&Prime; _module_preset=\u00a0\u00bbdefault\u00a0\u00bb title_text_color=\u00a0\u00bbrgba(255,255,255,0.85)\u00a0\u00bb min_height=\u00a0\u00bb28px\u00a0\u00bb custom_margin=\u00a0\u00bb20px||5px||false|false\u00a0\u00bb custom_padding=\u00a0\u00bb|||0px||\u00a0\u00bb global_colors_info=\u00a0\u00bb{}\u00a0\u00bb][\/et_pb_heading][et_pb_text _builder_version=\u00a0\u00bb4.27.5&Prime; _module_preset=\u00a0\u00bbdefault\u00a0\u00bb text_text_color=\u00a0\u00bbrgba(255,255,255,0.85)\u00a0\u00bb width=\u00a0\u00bb91.8%\u00a0\u00bb custom_padding=\u00a0\u00bb||0px||false|false\u00a0\u00bb global_colors_info=\u00a0\u00bb{}\u00a0\u00bb]<\/p>\n<p class=\"ds-markdown-paragraph\" style=\"text-align: justify;\"><span>Que vous souhaitiez faire construire une<em> <strong>maison neuve, agrandir<\/strong><\/em> votre habitat par une <em><strong>extension <\/strong><\/em>ou une<em><strong> sur\u00e9l\u00e9vation<\/strong><\/em>, ou simplement <strong><em>r\u00e9nover<\/em> <\/strong>et am\u00e9liorer les <strong><em>performances \u00e9nerg\u00e9tiques<\/em><\/strong> de votre r\u00e9sidence (principale ou locative), notre agence vous accompagne \u00e0 chaque \u00e9tape : des premi\u00e8res <strong><em>d\u00e9marches administratives<\/em><\/strong> jusqu&rsquo;\u00e0 la <strong><em>r\u00e9ception des travaux<\/em><\/strong>.\u00a0<\/span><span><\/span><\/p>\n<p class=\"ds-markdown-paragraph\" style=\"text-align: justify;\"><span>Nous intervenons \u00e9galement sur des immeubles de patrimoine, en pr\u00e9servant l&rsquo;esprit des lieux tout en les adaptant aux usages d&rsquo;aujourd&rsquo;hui.<\/span><\/p>\n<p class=\"ds-markdown-paragraph\" style=\"text-align: justify;\"><span>La pr\u00e9sence d&rsquo;une <strong><em>architecte d&rsquo;int\u00e9rieur<\/em><\/strong> au sein de l&rsquo;\u00e9quipe enrichit notre approche : au-del\u00e0 de la conception architecturale, nous pensons l&rsquo;am\u00e9nagement int\u00e9rieur dans ses moindres d\u00e9tails. <strong><em>Choix des mat\u00e9riaux, d\u00e9coration, mobilier sur mesure<\/em><\/strong> : chaque espace est imagin\u00e9 pour r\u00e9v\u00e9ler tout son potentiel de confort et de convivialit\u00e9.\u00a0<\/span><\/p>\n<p class=\"ds-markdown-paragraph\" style=\"text-align: justify;\"><span>Notre <strong><em>engagement environnemental<\/em><\/strong> guide chacun de nos projets. Mat\u00e9riaux naturels et biosourc\u00e9s, circuits courts, sobri\u00e9t\u00e9 \u00e9nerg\u00e9tique, r\u00e9emploi : nous faisons le choix d&rsquo;une architecture respectueuse des hommes et des territoires.<\/span><\/p>\n<p class=\"ds-markdown-paragraph\" style=\"text-align: justify;\"><span>Pour en savoir plus sur notre d\u00e9marche, rendez-vous sur notre page d\u00e9di\u00e9e.<\/span><\/p>\n<p>[\/et_pb_text][\/et_pb_column][\/et_pb_row][\/et_pb_section][et_pb_section fb_built=\u00a0\u00bb1&Prime; _builder_version=\u00a0\u00bb4.27.5&Prime; _module_preset=\u00a0\u00bbdefault\u00a0\u00bb background_color=\u00a0\u00bb#FFFFFF\u00a0\u00bb background_enable_image=\u00a0\u00bboff\u00a0\u00bb custom_padding=\u00a0\u00bb0px||0px|||\u00a0\u00bb global_colors_info=\u00a0\u00bb{}\u00a0\u00bb][et_pb_row column_structure=\u00a0\u00bb1_4,1_4,1_4,1_4&Prime; make_equal=\u00a0\u00bbon\u00a0\u00bb _builder_version=\u00a0\u00bb4.27.5&Prime; _module_preset=\u00a0\u00bbdefault\u00a0\u00bb background_color=\u00a0\u00bbRGBA(255,255,255,0)\u00a0\u00bb width=\u00a0\u00bb100%\u00a0\u00bb max_width=\u00a0\u00bb1105px\u00a0\u00bb module_alignment=\u00a0\u00bbcenter\u00a0\u00bb custom_margin=\u00a0\u00bb|-175px||536px||\u00a0\u00bb custom_padding=\u00a0\u00bb||53px|||\u00a0\u00bb global_colors_info=\u00a0\u00bb{}\u00a0\u00bb][et_pb_column type=\u00a0\u00bb1_4&Prime; _builder_version=\u00a0\u00bb4.27.5&Prime; _module_preset=\u00a0\u00bbdefault\u00a0\u00bb global_colors_info=\u00a0\u00bb{}\u00a0\u00bb][et_pb_image src=\u00a0\u00bbhttps:\/\/e-fouche.fr\/wp-content\/uploads\/2026\/02\/PXL_20250516_092407894-scaled.jpg\u00a0\u00bb title_text=\u00a0\u00bbPXL_20250516_092407894&Prime; _builder_version=\u00a0\u00bb4.27.5&Prime; _module_preset=\u00a0\u00bbdefault\u00a0\u00bb width=\u00a0\u00bb100%\u00a0\u00bb custom_padding=\u00a0\u00bb4px|||||\u00a0\u00bb global_colors_info=\u00a0\u00bb{}\u00a0\u00bb][\/et_pb_image][et_pb_image src=\u00a0\u00bbhttps:\/\/e-fouche.fr\/wp-content\/uploads\/2026\/02\/IMG20251205115906-scaled.jpg\u00a0\u00bb title_text=\u00a0\u00bbIMG20251205115906&Prime; _builder_version=\u00a0\u00bb4.27.5&Prime; _module_preset=\u00a0\u00bbdefault\u00a0\u00bb width=\u00a0\u00bb100%\u00a0\u00bb custom_padding=\u00a0\u00bb4px|||||\u00a0\u00bb hover_enabled=\u00a0\u00bb0&Prime; global_colors_info=\u00a0\u00bb{}\u00a0\u00bb sticky_enabled=\u00a0\u00bb0&Prime;][\/et_pb_image][et_pb_image src=\u00a0\u00bbhttps:\/\/e-fouche.fr\/wp-content\/uploads\/2026\/02\/Tom-pouce-1.jpg\u00a0\u00bb title_text=\u00a0\u00bbTom-pouce\u00a0\u00bb _builder_version=\u00a0\u00bb4.27.5&Prime; _module_preset=\u00a0\u00bbdefault\u00a0\u00bb width=\u00a0\u00bb100%\u00a0\u00bb custom_padding=\u00a0\u00bb4px|||||\u00a0\u00bb hover_enabled=\u00a0\u00bb0&Prime; global_colors_info=\u00a0\u00bb{}\u00a0\u00bb sticky_enabled=\u00a0\u00bb0&Prime;][\/et_pb_image][et_pb_image src=\u00a0\u00bbhttps:\/\/e-fouche.fr\/wp-content\/uploads\/2026\/02\/IMG20231218131335-scaled.jpg\u00a0\u00bb title_text=\u00a0\u00bbIMG20231218131335&Prime; _builder_version=\u00a0\u00bb4.27.5&Prime; _module_preset=\u00a0\u00bbdefault\u00a0\u00bb width=\u00a0\u00bb100%\u00a0\u00bb custom_padding=\u00a0\u00bb4px|||||\u00a0\u00bb global_colors_info=\u00a0\u00bb{}\u00a0\u00bb][\/et_pb_image][et_pb_image src=\u00a0\u00bbhttps:\/\/e-fouche.fr\/wp-content\/uploads\/2026\/02\/IMG20230215095351-scaled.jpg\u00a0\u00bb title_text=\u00a0\u00bbIMG20230215095351&Prime; _builder_version=\u00a0\u00bb4.27.5&Prime; _module_preset=\u00a0\u00bbdefault\u00a0\u00bb width=\u00a0\u00bb100%\u00a0\u00bb custom_padding=\u00a0\u00bb4px|||||\u00a0\u00bb global_colors_info=\u00a0\u00bb{}\u00a0\u00bb][\/et_pb_image][\/et_pb_column][et_pb_column type=\u00a0\u00bb1_4&Prime; _builder_version=\u00a0\u00bb4.27.5&Prime; _module_preset=\u00a0\u00bbdefault\u00a0\u00bb transform_translate_linked=\u00a0\u00bboff\u00a0\u00bb transform_origin=\u00a0\u00bb0%|50%\u00a0\u00bb global_colors_info=\u00a0\u00bb{}\u00a0\u00bb][et_pb_image src=\u00a0\u00bbhttps:\/\/e-fouche.fr\/wp-content\/uploads\/2026\/01\/LA_perspective_1-scaled.jpg\u00a0\u00bb title_text=\u00a0\u00bbLA_perspective_1&Prime; _builder_version=\u00a0\u00bb4.27.5&Prime; _module_preset=\u00a0\u00bbdefault\u00a0\u00bb width=\u00a0\u00bb100%\u00a0\u00bb max_width=\u00a0\u00bb100%\u00a0\u00bb custom_margin=\u00a0\u00bb-1px|||||\u00a0\u00bb custom_padding=\u00a0\u00bb0px|||||\u00a0\u00bb global_colors_info=\u00a0\u00bb{}\u00a0\u00bb][\/et_pb_image][et_pb_image src=\u00a0\u00bbhttps:\/\/e-fouche.fr\/wp-content\/uploads\/2026\/02\/IMG20251029102857-scaled.jpg\u00a0\u00bb title_text=\u00a0\u00bbIMG20251029102857&Prime; _builder_version=\u00a0\u00bb4.27.5&Prime; _module_preset=\u00a0\u00bbdefault\u00a0\u00bb width=\u00a0\u00bb100%\u00a0\u00bb max_width=\u00a0\u00bb100%\u00a0\u00bb custom_margin=\u00a0\u00bb-1px|||||\u00a0\u00bb custom_padding=\u00a0\u00bb0px|||||\u00a0\u00bb global_colors_info=\u00a0\u00bb{}\u00a0\u00bb][\/et_pb_image][et_pb_image src=\u00a0\u00bbhttps:\/\/e-fouche.fr\/wp-content\/uploads\/2026\/02\/IMG20251125165115-scaled.jpg\u00a0\u00bb title_text=\u00a0\u00bbIMG20251125165115&Prime; _builder_version=\u00a0\u00bb4.27.5&Prime; _module_preset=\u00a0\u00bbdefault\u00a0\u00bb width=\u00a0\u00bb100%\u00a0\u00bb custom_padding=\u00a0\u00bb4px|||||\u00a0\u00bb global_colors_info=\u00a0\u00bb{}\u00a0\u00bb][\/et_pb_image][et_pb_image src=\u00a0\u00bbhttps:\/\/e-fouche.fr\/wp-content\/uploads\/2026\/02\/IMG20230215095841-scaled.jpg\u00a0\u00bb title_text=\u00a0\u00bbIMG20230215095841&Prime; _builder_version=\u00a0\u00bb4.27.5&Prime; _module_preset=\u00a0\u00bbdefault\u00a0\u00bb width=\u00a0\u00bb100%\u00a0\u00bb max_width=\u00a0\u00bb100%\u00a0\u00bb custom_margin=\u00a0\u00bb-1px|||||\u00a0\u00bb custom_padding=\u00a0\u00bb0px|||||\u00a0\u00bb global_colors_info=\u00a0\u00bb{}\u00a0\u00bb][\/et_pb_image][\/et_pb_column][et_pb_column type=\u00a0\u00bb1_4&Prime; _builder_version=\u00a0\u00bb4.27.5&Prime; _module_preset=\u00a0\u00bbdefault\u00a0\u00bb global_colors_info=\u00a0\u00bb{}\u00a0\u00bb][et_pb_image src=\u00a0\u00bbhttps:\/\/e-fouche.fr\/wp-content\/uploads\/2026\/02\/Image44.png\u00a0\u00bb title_text=\u00a0\u00bbImage44&Prime; _builder_version=\u00a0\u00bb4.27.5&Prime; _module_preset=\u00a0\u00bbdefault\u00a0\u00bb width=\u00a0\u00bb100%\u00a0\u00bb global_colors_info=\u00a0\u00bb{}\u00a0\u00bb][\/et_pb_image][et_pb_image src=\u00a0\u00bbhttps:\/\/e-fouche.fr\/wp-content\/uploads\/2026\/02\/PXL_20250305_164314602-scaled.jpg\u00a0\u00bb title_text=\u00a0\u00bbPXL_20250305_164314602&Prime; _builder_version=\u00a0\u00bb4.27.5&Prime; _module_preset=\u00a0\u00bbdefault\u00a0\u00bb width=\u00a0\u00bb100%\u00a0\u00bb global_colors_info=\u00a0\u00bb{}\u00a0\u00bb][\/et_pb_image][et_pb_image src=\u00a0\u00bbhttps:\/\/e-fouche.fr\/wp-content\/uploads\/2026\/01\/Sequoia-scaled.jpg\u00a0\u00bb title_text=\u00a0\u00bbdav\u00a0\u00bb _builder_version=\u00a0\u00bb4.27.5&Prime; _module_preset=\u00a0\u00bbdefault\u00a0\u00bb width=\u00a0\u00bb100%\u00a0\u00bb custom_padding=\u00a0\u00bb4px|||||\u00a0\u00bb global_colors_info=\u00a0\u00bb{}\u00a0\u00bb][\/et_pb_image][et_pb_image src=\u00a0\u00bbhttps:\/\/e-fouche.fr\/wp-content\/uploads\/2026\/02\/IMG20230215095833-scaled.jpg\u00a0\u00bb title_text=\u00a0\u00bbIMG20230215095833&Prime; _builder_version=\u00a0\u00bb4.27.5&Prime; _module_preset=\u00a0\u00bbdefault\u00a0\u00bb width=\u00a0\u00bb100%\u00a0\u00bb global_colors_info=\u00a0\u00bb{}\u00a0\u00bb][\/et_pb_image][\/et_pb_column][et_pb_column type=\u00a0\u00bb1_4&Prime; _builder_version=\u00a0\u00bb4.27.5&Prime; _module_preset=\u00a0\u00bbdefault\u00a0\u00bb transform_translate_linked=\u00a0\u00bboff\u00a0\u00bb global_colors_info=\u00a0\u00bb{}\u00a0\u00bb][et_pb_image src=\u00a0\u00bbhttps:\/\/e-fouche.fr\/wp-content\/uploads\/2026\/02\/habit.png\u00a0\u00bb alt=\u00a0\u00bbMise au normes accessibilit\u00e9 Lyc\u00e9e \u00e0 La Reole\u00a0\u00bb title_text=\u00a0\u00bbhabit\u00a0\u00bb _builder_version=\u00a0\u00bb4.27.5&Prime; _module_preset=\u00a0\u00bbdefault\u00a0\u00bb width=\u00a0\u00bb100%\u00a0\u00bb custom_margin=\u00a0\u00bb|||3px||\u00a0\u00bb custom_padding=\u00a0\u00bb|0px||||\u00a0\u00bb global_colors_info=\u00a0\u00bb{}\u00a0\u00bb][\/et_pb_image][et_pb_image src=\u00a0\u00bbhttps:\/\/e-fouche.fr\/wp-content\/uploads\/2026\/02\/IMG20250730110107-scaled.jpg\u00a0\u00bb title_text=\u00a0\u00bbIMG20250730110107&Prime; _builder_version=\u00a0\u00bb4.27.5&Prime; _module_preset=\u00a0\u00bbdefault\u00a0\u00bb width=\u00a0\u00bb100%\u00a0\u00bb custom_padding=\u00a0\u00bb4px|||||\u00a0\u00bb global_colors_info=\u00a0\u00bb{}\u00a0\u00bb][\/et_pb_image][et_pb_image src=\u00a0\u00bbhttps:\/\/e-fouche.fr\/wp-content\/uploads\/2026\/01\/LDM_vue03.jpg\u00a0\u00bb title_text=\u00a0\u00bbLDM_vue03&Prime; _builder_version=\u00a0\u00bb4.27.5&Prime; _module_preset=\u00a0\u00bbdefault\u00a0\u00bb width=\u00a0\u00bb100%\u00a0\u00bb custom_padding=\u00a0\u00bb4px|||||\u00a0\u00bb global_colors_info=\u00a0\u00bb{}\u00a0\u00bb][\/et_pb_image][et_pb_image src=\u00a0\u00bbhttps:\/\/e-fouche.fr\/wp-content\/uploads\/2026\/02\/IMG20230525162744_1-scaled.jpg\u00a0\u00bb title_text=\u00a0\u00bbIMG20230525162744_1&Prime; _builder_version=\u00a0\u00bb4.27.5&Prime; _module_preset=\u00a0\u00bbdefault\u00a0\u00bb width=\u00a0\u00bb100%\u00a0\u00bb custom_padding=\u00a0\u00bb4px|||||\u00a0\u00bb global_colors_info=\u00a0\u00bb{}\u00a0\u00bb][\/et_pb_image][et_pb_image src=\u00a0\u00bbhttps:\/\/e-fouche.fr\/wp-content\/uploads\/2026\/01\/CA_perspective.jpg\u00a0\u00bb title_text=\u00a0\u00bbCA_perspective\u00a0\u00bb _builder_version=\u00a0\u00bb4.27.5&Prime; _module_preset=\u00a0\u00bbdefault\u00a0\u00bb width=\u00a0\u00bb100%\u00a0\u00bb global_colors_info=\u00a0\u00bb{}\u00a0\u00bb][\/et_pb_image][\/et_pb_column][\/et_pb_row][\/et_pb_section]<\/p>\n","protected":false},"excerpt":{"rendered":"<p>Que vous souhaitiez faire construire une maison neuve, agrandir votre habitat par une extension ou une sur\u00e9l\u00e9vation, ou simplement r\u00e9nover et am\u00e9liorer les performances \u00e9nerg\u00e9tiques de votre r\u00e9sidence (principale ou locative), notre agence vous accompagne \u00e0 chaque \u00e9tape : des premi\u00e8res d\u00e9marches administratives jusqu&rsquo;\u00e0 la r\u00e9ception des travaux.\u00a0 Nous intervenons \u00e9galement sur des immeubles de [&hellip;]<\/p>\n","protected":false},"author":2,"featured_media":0,"parent":0,"menu_order":0,"comment_status":"closed","ping_status":"closed","template":"","meta":{"_et_pb_use_builder":"on","_et_pb_old_content":"","_et_gb_content_width":"","footnotes":""},"class_list":["post-340","page","type-page","status-publish","hentry"],"_links":{"self":[{"href":"https:\/\/e-fouche.fr\/index.php\/wp-json\/wp\/v2\/pages\/340","targetHints":{"allow":["GET"]}}],"collection":[{"href":"https:\/\/e-fouche.fr\/index.php\/wp-json\/wp\/v2\/pages"}],"about":[{"href":"https:\/\/e-fouche.fr\/index.php\/wp-json\/wp\/v2\/types\/page"}],"author":[{"embeddable":true,"href":"https:\/\/e-fouche.fr\/index.php\/wp-json\/wp\/v2\/users\/2"}],"replies":[{"embeddable":true,"href":"https:\/\/e-fouche.fr\/index.php\/wp-json\/wp\/v2\/comments?post=340"}],"version-history":[{"count":9,"href":"https:\/\/e-fouche.fr\/index.php\/wp-json\/wp\/v2\/pages\/340\/revisions"}],"predecessor-version":[{"id":544,"href":"https:\/\/e-fouche.fr\/index.php\/wp-json\/wp\/v2\/pages\/340\/revisions\/544"}],"wp:attachment":[{"href":"https:\/\/e-fouche.fr\/index.php\/wp-json\/wp\/v2\/media?parent=340"}],"curies":[{"name":"wp","href":"https:\/\/api.w.org\/{rel}","templated":true}]}}