{"id":348,"date":"2026-02-24T15:06:09","date_gmt":"2026-02-24T15:06:09","guid":{"rendered":"https:\/\/e-fouche.fr\/?page_id=348"},"modified":"2026-02-24T15:55:13","modified_gmt":"2026-02-24T15:55:13","slug":"zr_pro","status":"publish","type":"page","link":"https:\/\/e-fouche.fr\/index.php\/zr_pro\/","title":{"rendered":"ZR_PRO"},"content":{"rendered":"<p>[et_pb_section fb_built=\u00a0\u00bb1&Prime; _builder_version=\u00a0\u00bb4.27.5&Prime; _module_preset=\u00a0\u00bbdefault\u00a0\u00bb background_color=\u00a0\u00bb#000000&Prime; background_enable_image=\u00a0\u00bboff\u00a0\u00bb custom_padding=\u00a0\u00bb0px||0px|||\u00a0\u00bb hover_enabled=\u00a0\u00bb0&Prime; global_colors_info=\u00a0\u00bb{}\u00a0\u00bb sticky_enabled=\u00a0\u00bb0&Prime;][et_pb_row make_equal=\u00a0\u00bbon\u00a0\u00bb _builder_version=\u00a0\u00bb4.27.5&Prime; _module_preset=\u00a0\u00bbdefault\u00a0\u00bb background_color=\u00a0\u00bbRGBA(255,255,255,0)\u00a0\u00bb width=\u00a0\u00bb100%\u00a0\u00bb max_width=\u00a0\u00bb1105px\u00a0\u00bb module_alignment=\u00a0\u00bbcenter\u00a0\u00bb custom_margin=\u00a0\u00bb|-175px||536px||\u00a0\u00bb custom_padding=\u00a0\u00bb||53px|||\u00a0\u00bb hover_enabled=\u00a0\u00bb0&Prime; global_colors_info=\u00a0\u00bb{}\u00a0\u00bb sticky_enabled=\u00a0\u00bb0&Prime;][et_pb_column type=\u00a0\u00bb4_4&Prime; _builder_version=\u00a0\u00bb4.27.5&Prime; _module_preset=\u00a0\u00bbdefault\u00a0\u00bb global_colors_info=\u00a0\u00bb{}\u00a0\u00bb][et_pb_heading title=\u00a0\u00bbPRO\u00a0\u00bb _builder_version=\u00a0\u00bb4.27.5&Prime; _module_preset=\u00a0\u00bbdefault\u00a0\u00bb title_text_color=\u00a0\u00bbrgba(255,255,255,0.85)\u00a0\u00bb min_height=\u00a0\u00bb28px\u00a0\u00bb custom_margin=\u00a0\u00bb20px||5px||false|false\u00a0\u00bb custom_padding=\u00a0\u00bb|||0px||\u00a0\u00bb hover_enabled=\u00a0\u00bb0&Prime; global_colors_info=\u00a0\u00bb{}\u00a0\u00bb sticky_enabled=\u00a0\u00bb0&Prime;][\/et_pb_heading][et_pb_text _builder_version=\u00a0\u00bb4.27.5&Prime; _module_preset=\u00a0\u00bbdefault\u00a0\u00bb text_text_color=\u00a0\u00bbrgba(255,255,255,0.85)\u00a0\u00bb width=\u00a0\u00bb91.8%\u00a0\u00bb custom_padding=\u00a0\u00bb||||false|false\u00a0\u00bb hover_enabled=\u00a0\u00bb0&Prime; global_colors_info=\u00a0\u00bb{}\u00a0\u00bb sticky_enabled=\u00a0\u00bb0&Prime; custom_margin=\u00a0\u00bb|832px||||\u00a0\u00bb]<\/p>\n<p style=\"text-align: justify;\"><span>Notre agence accompagne une grande vari\u00e9t\u00e9 de ma\u00eetres d&rsquo;ouvrage sur des programmes aussi divers que la cr\u00e9ation de <em><strong>restaurants<\/strong><\/em> ou de <em><strong>chais viticoles<\/strong><\/em>, de <em><strong>biblioth\u00e8ques<\/strong><\/em>, de <em><strong>p\u00f4les de sant\u00e9<\/strong><\/em> param\u00e9dicaux, de <strong><em>salles de sport<\/em><\/strong>. Nous intervenons \u00e9galement sur des <em><strong>espaces de vie collective<\/strong><\/em> \u2014 foyers type coworking, salles de d\u00e9tente, tiers-lieux \u2014 en veillant \u00e0 la qualit\u00e9 des ambiances et \u00e0 la fonctionnalit\u00e9 des espaces. <\/span><\/p>\n<p style=\"text-align: justify;\"><span><em><strong>L&rsquo;accessibilit\u00e9 et s\u00e9curit\u00e9 incendie<\/strong><\/em> sont au c\u0153ur de nos pr\u00e9occupations, avec la mise en place de circulations adapt\u00e9es (ascenseurs, sanitaires PMR), l&rsquo;am\u00e9nagement de parkings et la mise aux normes des \u00e9tablissements recevant du public (ERP).<\/span><\/p>\n<p style=\"text-align: justify;\"><span>La pr\u00e9sence d&rsquo;une <em><strong>architecte d&rsquo;int\u00e9rieur<\/strong><\/em> au sein de l&rsquo;agence enrichit notre d\u00e9marche de l&rsquo;am\u00e9nagement des espaces int\u00e9rieurs pour r\u00e9v\u00e9ler tout leur potentiel d&rsquo;usage et de confort, aux choix des mat\u00e9riaux, d\u00e9co et de meubles sur mesure.<\/span><\/p>\n<p style=\"text-align: justify;\"><span>Chaque projet est pens\u00e9 dans une <em><strong>logique environnementale<\/strong><\/em> globale : mat\u00e9riaux naturels, biosourc\u00e9s et de court circuit, sobri\u00e9t\u00e9 \u00e9nerg\u00e9tique et r\u00e9emploi.\u00a0 \u00a0 \u00a0 \u00a0 \u00a0 \u00a0<\/span><span>Pour en savoir plus sur notre engagement, rendez-vous sur notre page d\u00e9di\u00e9e \u00e0 la d\u00e9marche environnementale.\u00a0<\/span><\/p>\n<p>[\/et_pb_text][\/et_pb_column][\/et_pb_row][\/et_pb_section][et_pb_section fb_built=\u00a0\u00bb1&Prime; _builder_version=\u00a0\u00bb4.27.5&Prime; _module_preset=\u00a0\u00bbdefault\u00a0\u00bb background_color=\u00a0\u00bb#FFFFFF\u00a0\u00bb background_enable_image=\u00a0\u00bboff\u00a0\u00bb custom_padding=\u00a0\u00bb0px||0px|||\u00a0\u00bb global_colors_info=\u00a0\u00bb{}\u00a0\u00bb][et_pb_row column_structure=\u00a0\u00bb1_4,1_4,1_4,1_4&Prime; make_equal=\u00a0\u00bbon\u00a0\u00bb _builder_version=\u00a0\u00bb4.27.5&Prime; _module_preset=\u00a0\u00bbdefault\u00a0\u00bb background_color=\u00a0\u00bbRGBA(255,255,255,0)\u00a0\u00bb width=\u00a0\u00bb100%\u00a0\u00bb max_width=\u00a0\u00bb1105px\u00a0\u00bb module_alignment=\u00a0\u00bbcenter\u00a0\u00bb custom_margin=\u00a0\u00bb|-175px||536px||\u00a0\u00bb custom_padding=\u00a0\u00bb||53px|||\u00a0\u00bb hover_enabled=\u00a0\u00bb0&Prime; global_colors_info=\u00a0\u00bb{}\u00a0\u00bb sticky_enabled=\u00a0\u00bb0&Prime;][et_pb_column type=\u00a0\u00bb1_4&Prime; _builder_version=\u00a0\u00bb4.27.5&Prime; _module_preset=\u00a0\u00bbdefault\u00a0\u00bb global_colors_info=\u00a0\u00bb{}\u00a0\u00bb][et_pb_image src=\u00a0\u00bbhttps:\/\/e-fouche.fr\/wp-content\/uploads\/2026\/02\/IMG20241218140849-scaled.jpg\u00a0\u00bb title_text=\u00a0\u00bbIMG20241218140849&Prime; _builder_version=\u00a0\u00bb4.27.5&Prime; _module_preset=\u00a0\u00bbdefault\u00a0\u00bb width=\u00a0\u00bb100%\u00a0\u00bb max_width=\u00a0\u00bb100%\u00a0\u00bb custom_margin=\u00a0\u00bb-1px|||||\u00a0\u00bb custom_padding=\u00a0\u00bb0px|||||\u00a0\u00bb global_colors_info=\u00a0\u00bb{}\u00a0\u00bb][\/et_pb_image][et_pb_image src=\u00a0\u00bbhttps:\/\/e-fouche.fr\/wp-content\/uploads\/2026\/02\/IMG20241218140756-scaled.jpg\u00a0\u00bb title_text=\u00a0\u00bbIMG20241218140756&Prime; _builder_version=\u00a0\u00bb4.27.5&Prime; _module_preset=\u00a0\u00bbdefault\u00a0\u00bb width=\u00a0\u00bb100%\u00a0\u00bb custom_padding=\u00a0\u00bb4px|||||\u00a0\u00bb global_colors_info=\u00a0\u00bb{}\u00a0\u00bb][\/et_pb_image][et_pb_image src=\u00a0\u00bbhttps:\/\/e-fouche.fr\/wp-content\/uploads\/2026\/02\/IMG20251205115700-scaled.jpg\u00a0\u00bb title_text=\u00a0\u00bbIMG20251205115700&Prime; _builder_version=\u00a0\u00bb4.27.5&Prime; _module_preset=\u00a0\u00bbdefault\u00a0\u00bb width=\u00a0\u00bb100%\u00a0\u00bb custom_padding=\u00a0\u00bb4px|||||\u00a0\u00bb global_colors_info=\u00a0\u00bb{}\u00a0\u00bb][\/et_pb_image][et_pb_image src=\u00a0\u00bbhttps:\/\/e-fouche.fr\/wp-content\/uploads\/2026\/02\/IMG20251205120020-1-scaled.jpg\u00a0\u00bb title_text=\u00a0\u00bbIMG20251205120020&Prime; _builder_version=\u00a0\u00bb4.27.5&Prime; _module_preset=\u00a0\u00bbdefault\u00a0\u00bb width=\u00a0\u00bb100%\u00a0\u00bb custom_padding=\u00a0\u00bb4px|||0px||\u00a0\u00bb global_colors_info=\u00a0\u00bb{}\u00a0\u00bb][\/et_pb_image][\/et_pb_column][et_pb_column type=\u00a0\u00bb1_4&Prime; _builder_version=\u00a0\u00bb4.27.5&Prime; _module_preset=\u00a0\u00bbdefault\u00a0\u00bb transform_translate_linked=\u00a0\u00bboff\u00a0\u00bb transform_origin=\u00a0\u00bb0%|50%\u00a0\u00bb global_colors_info=\u00a0\u00bb{}\u00a0\u00bb][et_pb_image src=\u00a0\u00bbhttps:\/\/e-fouche.fr\/wp-content\/uploads\/2026\/02\/IMG_20221003_104734-scaled.jpg\u00a0\u00bb title_text=\u00a0\u00bbIMG_20221003_104734&Prime; _builder_version=\u00a0\u00bb4.27.5&Prime; _module_preset=\u00a0\u00bbdefault\u00a0\u00bb width=\u00a0\u00bb100%\u00a0\u00bb global_colors_info=\u00a0\u00bb{}\u00a0\u00bb][\/et_pb_image][et_pb_image src=\u00a0\u00bbhttps:\/\/e-fouche.fr\/wp-content\/uploads\/2026\/02\/inser-44-scaled.jpg\u00a0\u00bb title_text=\u00a0\u00bbinser-44&Prime; _builder_version=\u00a0\u00bb4.27.5&Prime; _module_preset=\u00a0\u00bbdefault\u00a0\u00bb width=\u00a0\u00bb100%\u00a0\u00bb max_width=\u00a0\u00bb100%\u00a0\u00bb custom_margin=\u00a0\u00bb-1px|||||\u00a0\u00bb custom_padding=\u00a0\u00bb0px|||||\u00a0\u00bb global_colors_info=\u00a0\u00bb{}\u00a0\u00bb][\/et_pb_image][et_pb_image src=\u00a0\u00bbhttps:\/\/e-fouche.fr\/wp-content\/uploads\/2026\/02\/Image5.png\u00a0\u00bb title_text=\u00a0\u00bbImage5&Prime; _builder_version=\u00a0\u00bb4.27.5&Prime; _module_preset=\u00a0\u00bbdefault\u00a0\u00bb width=\u00a0\u00bb100%\u00a0\u00bb global_colors_info=\u00a0\u00bb{}\u00a0\u00bb][\/et_pb_image][et_pb_image src=\u00a0\u00bbhttps:\/\/e-fouche.fr\/wp-content\/uploads\/2026\/02\/IMG20230525163008-scaled.jpg\u00a0\u00bb title_text=\u00a0\u00bbIMG20230525163008&Prime; _builder_version=\u00a0\u00bb4.27.5&Prime; _module_preset=\u00a0\u00bbdefault\u00a0\u00bb width=\u00a0\u00bb100%\u00a0\u00bb max_width=\u00a0\u00bb100%\u00a0\u00bb custom_margin=\u00a0\u00bb-1px|||||\u00a0\u00bb custom_padding=\u00a0\u00bb0px|||||\u00a0\u00bb global_colors_info=\u00a0\u00bb{}\u00a0\u00bb][\/et_pb_image][\/et_pb_column][et_pb_column type=\u00a0\u00bb1_4&Prime; _builder_version=\u00a0\u00bb4.27.5&Prime; _module_preset=\u00a0\u00bbdefault\u00a0\u00bb global_colors_info=\u00a0\u00bb{}\u00a0\u00bb][et_pb_image src=\u00a0\u00bbhttps:\/\/e-fouche.fr\/wp-content\/uploads\/2026\/02\/IMG20251029111245-scaled.jpg\u00a0\u00bb title_text=\u00a0\u00bbIMG20251029111245&Prime; _builder_version=\u00a0\u00bb4.27.5&Prime; _module_preset=\u00a0\u00bbdefault\u00a0\u00bb width=\u00a0\u00bb100%\u00a0\u00bb custom_padding=\u00a0\u00bb4px|||||\u00a0\u00bb global_colors_info=\u00a0\u00bb{}\u00a0\u00bb][\/et_pb_image][et_pb_image src=\u00a0\u00bbhttps:\/\/e-fouche.fr\/wp-content\/uploads\/2026\/02\/IMG20251029102857-scaled.jpg\u00a0\u00bb title_text=\u00a0\u00bbIMG20251029102857&Prime; _builder_version=\u00a0\u00bb4.27.5&Prime; _module_preset=\u00a0\u00bbdefault\u00a0\u00bb width=\u00a0\u00bb100%\u00a0\u00bb custom_padding=\u00a0\u00bb4px|||||\u00a0\u00bb global_colors_info=\u00a0\u00bb{}\u00a0\u00bb][\/et_pb_image][et_pb_image src=\u00a0\u00bbhttps:\/\/e-fouche.fr\/wp-content\/uploads\/2026\/02\/IMG20231218131335-scaled.jpg\u00a0\u00bb title_text=\u00a0\u00bbIMG20231218131335&Prime; _builder_version=\u00a0\u00bb4.27.5&Prime; _module_preset=\u00a0\u00bbdefault\u00a0\u00bb width=\u00a0\u00bb100%\u00a0\u00bb custom_padding=\u00a0\u00bb4px|||||\u00a0\u00bb global_colors_info=\u00a0\u00bb{}\u00a0\u00bb][\/et_pb_image][et_pb_image src=\u00a0\u00bbhttps:\/\/e-fouche.fr\/wp-content\/uploads\/2026\/02\/Image44.png\u00a0\u00bb title_text=\u00a0\u00bbImage44&Prime; _builder_version=\u00a0\u00bb4.27.5&Prime; _module_preset=\u00a0\u00bbdefault\u00a0\u00bb width=\u00a0\u00bb100%\u00a0\u00bb custom_padding=\u00a0\u00bb4px|||||\u00a0\u00bb global_colors_info=\u00a0\u00bb{}\u00a0\u00bb][\/et_pb_image][\/et_pb_column][et_pb_column type=\u00a0\u00bb1_4&Prime; _builder_version=\u00a0\u00bb4.27.5&Prime; _module_preset=\u00a0\u00bbdefault\u00a0\u00bb transform_translate_linked=\u00a0\u00bboff\u00a0\u00bb global_colors_info=\u00a0\u00bb{}\u00a0\u00bb][et_pb_image src=\u00a0\u00bbhttps:\/\/e-fouche.fr\/wp-content\/uploads\/2026\/02\/chai3.png\u00a0\u00bb title_text=\u00a0\u00bbchai3&Prime; _builder_version=\u00a0\u00bb4.27.5&Prime; _module_preset=\u00a0\u00bbdefault\u00a0\u00bb width=\u00a0\u00bb100%\u00a0\u00bb max_width=\u00a0\u00bb100%\u00a0\u00bb custom_margin=\u00a0\u00bb-1px|||||\u00a0\u00bb custom_padding=\u00a0\u00bb0px|||||\u00a0\u00bb global_colors_info=\u00a0\u00bb{}\u00a0\u00bb][\/et_pb_image][et_pb_image src=\u00a0\u00bbhttps:\/\/e-fouche.fr\/wp-content\/uploads\/2026\/02\/IMG20251125165115-scaled.jpg\u00a0\u00bb title_text=\u00a0\u00bbIMG20251125165115&Prime; _builder_version=\u00a0\u00bb4.27.5&Prime; _module_preset=\u00a0\u00bbdefault\u00a0\u00bb width=\u00a0\u00bb100%\u00a0\u00bb max_width=\u00a0\u00bb100%\u00a0\u00bb custom_margin=\u00a0\u00bb-1px|||||\u00a0\u00bb custom_padding=\u00a0\u00bb0px|||||\u00a0\u00bb global_colors_info=\u00a0\u00bb{}\u00a0\u00bb][\/et_pb_image][et_pb_image src=\u00a0\u00bbhttps:\/\/e-fouche.fr\/wp-content\/uploads\/2026\/02\/IMG20251125165053-scaled.jpg\u00a0\u00bb title_text=\u00a0\u00bbIMG20251125165053&Prime; _builder_version=\u00a0\u00bb4.27.5&Prime; _module_preset=\u00a0\u00bbdefault\u00a0\u00bb width=\u00a0\u00bb100%\u00a0\u00bb max_width=\u00a0\u00bb100%\u00a0\u00bb custom_margin=\u00a0\u00bb-1px|||||\u00a0\u00bb custom_padding=\u00a0\u00bb0px|||||\u00a0\u00bb global_colors_info=\u00a0\u00bb{}\u00a0\u00bb][\/et_pb_image][et_pb_image src=\u00a0\u00bbhttps:\/\/e-fouche.fr\/wp-content\/uploads\/2026\/02\/rendu_909_1-scaled.jpeg\u00a0\u00bb title_text=\u00a0\u00bbrendu_909_1&Prime; _builder_version=\u00a0\u00bb4.27.5&Prime; _module_preset=\u00a0\u00bbdefault\u00a0\u00bb width=\u00a0\u00bb100%\u00a0\u00bb global_colors_info=\u00a0\u00bb{}\u00a0\u00bb][\/et_pb_image][et_pb_image src=\u00a0\u00bbhttps:\/\/e-fouche.fr\/wp-content\/uploads\/2026\/02\/rendu_404_1-scaled.jpeg\u00a0\u00bb title_text=\u00a0\u00bbrendu_404_1&Prime; _builder_version=\u00a0\u00bb4.27.5&Prime; _module_preset=\u00a0\u00bbdefault\u00a0\u00bb width=\u00a0\u00bb100%\u00a0\u00bb max_width=\u00a0\u00bb100%\u00a0\u00bb custom_margin=\u00a0\u00bb-1px|||||\u00a0\u00bb custom_padding=\u00a0\u00bb0px|||||\u00a0\u00bb global_colors_info=\u00a0\u00bb{}\u00a0\u00bb][\/et_pb_image][\/et_pb_column][\/et_pb_row][\/et_pb_section]<\/p>\n","protected":false},"excerpt":{"rendered":"<p>Notre agence accompagne une grande vari\u00e9t\u00e9 de ma\u00eetres d&rsquo;ouvrage sur des programmes aussi divers que la cr\u00e9ation de restaurants ou de chais viticoles, de biblioth\u00e8ques, de p\u00f4les de sant\u00e9 param\u00e9dicaux, de salles de sport. Nous intervenons \u00e9galement sur des espaces de vie collective \u2014 foyers type coworking, salles de d\u00e9tente, tiers-lieux \u2014 en veillant \u00e0 [&hellip;]<\/p>\n","protected":false},"author":2,"featured_media":0,"parent":0,"menu_order":0,"comment_status":"closed","ping_status":"closed","template":"","meta":{"_et_pb_use_builder":"on","_et_pb_old_content":"","_et_gb_content_width":"","footnotes":""},"class_list":["post-348","page","type-page","status-publish","hentry"],"_links":{"self":[{"href":"https:\/\/e-fouche.fr\/index.php\/wp-json\/wp\/v2\/pages\/348","targetHints":{"allow":["GET"]}}],"collection":[{"href":"https:\/\/e-fouche.fr\/index.php\/wp-json\/wp\/v2\/pages"}],"about":[{"href":"https:\/\/e-fouche.fr\/index.php\/wp-json\/wp\/v2\/types\/page"}],"author":[{"embeddable":true,"href":"https:\/\/e-fouche.fr\/index.php\/wp-json\/wp\/v2\/users\/2"}],"replies":[{"embeddable":true,"href":"https:\/\/e-fouche.fr\/index.php\/wp-json\/wp\/v2\/comments?post=348"}],"version-history":[{"count":13,"href":"https:\/\/e-fouche.fr\/index.php\/wp-json\/wp\/v2\/pages\/348\/revisions"}],"predecessor-version":[{"id":455,"href":"https:\/\/e-fouche.fr\/index.php\/wp-json\/wp\/v2\/pages\/348\/revisions\/455"}],"wp:attachment":[{"href":"https:\/\/e-fouche.fr\/index.php\/wp-json\/wp\/v2\/media?parent=348"}],"curies":[{"name":"wp","href":"https:\/\/api.w.org\/{rel}","templated":true}]}}